{"id":666,"date":"2022-05-16T16:04:23","date_gmt":"2022-05-16T14:04:23","guid":{"rendered":"https:\/\/www.homesweetart.fr\/?page_id=666"},"modified":"2024-01-18T12:53:58","modified_gmt":"2024-01-18T11:53:58","slug":"a-propos","status":"publish","type":"page","link":"https:\/\/www.homesweetart.fr\/index.php\/a-propos\/","title":{"rendered":"A propos"},"content":{"rendered":"\n<div class=\"wp-block-media-text alignwide is-stacked-on-mobile\"><figure class=\"wp-block-media-text__media\"><img loading=\"lazy\" decoding=\"async\" width=\"1024\" height=\"576\" src=\"https:\/\/www.homesweetart.fr\/wp-content\/uploads\/2022\/05\/20220113_154444-1-1024x576.jpg\" alt=\"\" class=\"wp-image-645 size-full\" srcset=\"https:\/\/www.homesweetart.fr\/wp-content\/uploads\/2022\/05\/20220113_154444-1-1024x576.jpg 1024w, https:\/\/www.homesweetart.fr\/wp-content\/uploads\/2022\/05\/20220113_154444-1-300x169.jpg 300w, https:\/\/www.homesweetart.fr\/wp-content\/uploads\/2022\/05\/20220113_154444-1-768x432.jpg 768w, https:\/\/www.homesweetart.fr\/wp-content\/uploads\/2022\/05\/20220113_154444-1-1536x864.jpg 1536w, https:\/\/www.homesweetart.fr\/wp-content\/uploads\/2022\/05\/20220113_154444-1-2048x1152.jpg 2048w\" sizes=\"auto, (max-width: 1024px) 100vw, 1024px\" \/><\/figure><div class=\"wp-block-media-text__content\">\n<p class=\"has-medium-font-size\">Odile propose des cours d\u2019arts plastiques dans son atelier \u00e0 Mouvaux. Car pour elle, enseigner, transmettre son savoir, donne un sens suppl\u00e9mentaire \u00e0 son travail d\u2019artiste.<\/p>\n\n\n\n<p class=\"has-medium-font-size\" id=\"E204\">Artiste peintre depuis plus de 25 ans, Odile Girard \u00e9t\u00e9 form\u00e9e \u00e0 l\u2019\u00e9cole d\u2019art d\u2019Isabelle VENET, l\u2019Atelier du Petit Chevalet \u00e0 Lambersart.<\/p>\n<\/div><\/div>\n\n\n\n<div style=\"height:100px\" aria-hidden=\"true\" class=\"wp-block-spacer\"><\/div>\n\n\n\n<div class=\"wp-block-media-text alignwide has-media-on-the-right is-stacked-on-mobile\"><figure class=\"wp-block-media-text__media\"><img loading=\"lazy\" decoding=\"async\" width=\"1008\" height=\"1024\" src=\"https:\/\/www.homesweetart.fr\/wp-content\/uploads\/2022\/05\/Le-repos-1008x1024.jpg\" alt=\"\" class=\"wp-image-626 size-full\" srcset=\"https:\/\/www.homesweetart.fr\/wp-content\/uploads\/2022\/05\/Le-repos-1008x1024.jpg 1008w, https:\/\/www.homesweetart.fr\/wp-content\/uploads\/2022\/05\/Le-repos-295x300.jpg 295w, https:\/\/www.homesweetart.fr\/wp-content\/uploads\/2022\/05\/Le-repos-768x780.jpg 768w, https:\/\/www.homesweetart.fr\/wp-content\/uploads\/2022\/05\/Le-repos-1512x1536.jpg 1512w, https:\/\/www.homesweetart.fr\/wp-content\/uploads\/2022\/05\/Le-repos-2016x2048.jpg 2016w\" sizes=\"auto, (max-width: 1008px) 100vw, 1008px\" \/><\/figure><div class=\"wp-block-media-text__content\">\n<p class=\"has-medium-font-size\">Que ce soit \u00e0 l\u2019huile ou \u00e0 l\u2019aquarelle, Odile Girard nous embarque pour un voyage dans des ambiances color\u00e9es et baign\u00e9es d\u2019une douce lumi\u00e8re. Elle exprime \u00e0 travers ses peintures la communion avec la nature retrouvant ces instants magiques o\u00f9 tout est serein et a sa place dans ce monde.<\/p>\n<\/div><\/div>\n\n\n\n<div style=\"height:100px\" aria-hidden=\"true\" class=\"wp-block-spacer\"><\/div>\n\n\n\n<div class=\"wp-block-media-text alignwide is-stacked-on-mobile\"><figure class=\"wp-block-media-text__media\"><img loading=\"lazy\" decoding=\"async\" width=\"1024\" height=\"777\" src=\"https:\/\/www.homesweetart.fr\/wp-content\/uploads\/2022\/05\/Barefoot-balade-1-1024x777.jpg\" alt=\"\" class=\"wp-image-613 size-full\" srcset=\"https:\/\/www.homesweetart.fr\/wp-content\/uploads\/2022\/05\/Barefoot-balade-1-1024x777.jpg 1024w, https:\/\/www.homesweetart.fr\/wp-content\/uploads\/2022\/05\/Barefoot-balade-1-300x228.jpg 300w, https:\/\/www.homesweetart.fr\/wp-content\/uploads\/2022\/05\/Barefoot-balade-1-768x583.jpg 768w, https:\/\/www.homesweetart.fr\/wp-content\/uploads\/2022\/05\/Barefoot-balade-1-1536x1165.jpg 1536w, https:\/\/www.homesweetart.fr\/wp-content\/uploads\/2022\/05\/Barefoot-balade-1-2048x1553.jpg 2048w\" sizes=\"auto, (max-width: 1024px) 100vw, 1024px\" \/><\/figure><div class=\"wp-block-media-text__content\">\n<p class=\"has-medium-font-size\">Elle nous fait red\u00e9couvrir des lieux que nous aurions pu d\u00e9j\u00e0 visiter sans faire attention, en les peignant, elle nous montre qu\u2019ils sont particuliers et qu\u2019ils d\u00e9gagent quelque chose d\u2019apaisant.<\/p>\n<\/div><\/div>\n\n\n\n<div style=\"height:100px\" aria-hidden=\"true\" class=\"wp-block-spacer\"><\/div>\n\n\n\n<div class=\"wp-block-media-text alignwide has-media-on-the-right is-stacked-on-mobile\"><figure class=\"wp-block-media-text__media\"><img loading=\"lazy\" decoding=\"async\" width=\"1024\" height=\"743\" src=\"https:\/\/www.homesweetart.fr\/wp-content\/uploads\/2022\/05\/Plougasnou-1024x743.jpg\" alt=\"\" class=\"wp-image-630 size-full\" srcset=\"https:\/\/www.homesweetart.fr\/wp-content\/uploads\/2022\/05\/Plougasnou-1024x743.jpg 1024w, https:\/\/www.homesweetart.fr\/wp-content\/uploads\/2022\/05\/Plougasnou-300x218.jpg 300w, https:\/\/www.homesweetart.fr\/wp-content\/uploads\/2022\/05\/Plougasnou-768x558.jpg 768w, https:\/\/www.homesweetart.fr\/wp-content\/uploads\/2022\/05\/Plougasnou-1536x1115.jpg 1536w, https:\/\/www.homesweetart.fr\/wp-content\/uploads\/2022\/05\/Plougasnou-2048x1487.jpg 2048w\" sizes=\"auto, (max-width: 1024px) 100vw, 1024px\" \/><\/figure><div class=\"wp-block-media-text__content\">\n<p class=\"has-medium-font-size\">Alors plong\u00e9 un court moment dans l\u2018oc\u00e9an, pr\u00e8s d\u2019un port ou simplement dans la rue, on ressent l\u2019intensit\u00e9 de lieux que l\u2019on ne connait pas.<\/p>\n<\/div><\/div>\n\n\n\n<div style=\"height:100px\" aria-hidden=\"true\" class=\"wp-block-spacer\"><\/div>\n","protected":false},"excerpt":{"rendered":"<p>Odile propose des cours d\u2019arts plastiques dans son atelier \u00e0 Mouvaux. Car pour elle, enseigner, transmettre son savoir, donne un sens suppl\u00e9mentaire \u00e0 son travail d\u2019artiste. Artiste peintre depuis plus de 25 ans, Odile Girard \u00e9t\u00e9 form\u00e9e \u00e0 l\u2019\u00e9cole d\u2019art d\u2019Isabelle VENET, l\u2019Atelier du Petit Chevalet \u00e0 Lambersart. Que ce soit \u00e0 l\u2019huile ou \u00e0&hellip;&nbsp;<a href=\"https:\/\/www.homesweetart.fr\/index.php\/a-propos\/\" class=\"\" rel=\"bookmark\">Lire la suite &raquo;<span class=\"screen-reader-text\">A propos<\/span><\/a><\/p>\n","protected":false},"author":1,"featured_media":1180,"parent":0,"menu_order":0,"comment_status":"closed","ping_status":"closed","template":"","meta":{"neve_meta_sidebar":"","neve_meta_container":"","neve_meta_enable_content_width":"","neve_meta_content_width":0,"neve_meta_title_alignment":"","neve_meta_author_avatar":"","neve_post_elements_order":"","neve_meta_disable_header":"","neve_meta_disable_footer":"","neve_meta_disable_title":"","footnotes":""},"class_list":["post-666","page","type-page","status-publish","has-post-thumbnail","hentry"],"_links":{"self":[{"href":"https:\/\/www.homesweetart.fr\/index.php\/wp-json\/wp\/v2\/pages\/666","targetHints":{"allow":["GET"]}}],"collection":[{"href":"https:\/\/www.homesweetart.fr\/index.php\/wp-json\/wp\/v2\/pages"}],"about":[{"href":"https:\/\/www.homesweetart.fr\/index.php\/wp-json\/wp\/v2\/types\/page"}],"author":[{"embeddable":true,"href":"https:\/\/www.homesweetart.fr\/index.php\/wp-json\/wp\/v2\/users\/1"}],"replies":[{"embeddable":true,"href":"https:\/\/www.homesweetart.fr\/index.php\/wp-json\/wp\/v2\/comments?post=666"}],"version-history":[{"count":3,"href":"https:\/\/www.homesweetart.fr\/index.php\/wp-json\/wp\/v2\/pages\/666\/revisions"}],"predecessor-version":[{"id":688,"href":"https:\/\/www.homesweetart.fr\/index.php\/wp-json\/wp\/v2\/pages\/666\/revisions\/688"}],"wp:featuredmedia":[{"embeddable":true,"href":"https:\/\/www.homesweetart.fr\/index.php\/wp-json\/wp\/v2\/media\/1180"}],"wp:attachment":[{"href":"https:\/\/www.homesweetart.fr\/index.php\/wp-json\/wp\/v2\/media?parent=666"}],"curies":[{"name":"wp","href":"https:\/\/api.w.org\/{rel}","templated":true}]}}